{"id":397,"date":"2022-08-06T11:57:24","date_gmt":"2022-08-06T09:57:24","guid":{"rendered":"http:\/\/badanie.starmail.pl\/?page_id=397"},"modified":"2025-07-01T22:16:07","modified_gmt":"2025-07-01T20:16:07","slug":"nota-prawna","status":"publish","type":"page","link":"https:\/\/adameddlarodziny.com\/index.php\/nota-prawna\/","title":{"rendered":"Nota prawna"},"content":{"rendered":"\r\n<div class=\"layout_element layout_section dha-blue-mint\">\r\n<div class=\"layout_element layout_container\">\r\n<div class=\"layout_element layout_row  row flex items-center justify-center\">\r\n<div class=\"layout_element layout_column col-xs-12 col-sm-12 col-md-12 col-lg-12 w-3\/4 flex items-center justify-center \">\r\n<div id=\"component_wrapper_1674004\" class=\"layout_element component_wrapper wrapped_content\">\r\n<div id=\"content_1_04122019\" class=\"component content component_1674004\" data-component-id=\"1674004\" data-component-type-code=\"content\" data-js-parameters=\"{&quot;virtual_path_present&quot;:&quot;false&quot;,&quot;node_url&quot;:&quot;\\\/nota-prawna&quot;}\">\r\n<div id=\"component_content_1674004\" class=\"content_area\">\r\n<ol>\r\n<li>Zawarto\u015b\u0107 niniejszej strony internetowej (dalej: \u201eStrona Internetowa\u201d) stanowi w\u0142asno\u015b\u0107 Adamed Pharma S.A. (dalej: \u201eADAMED\u201d).<br \/><b>Adamed Pharma S.A.<\/b><br \/>Adres: Pie\u0144k\u00f3w, ul. Mariana Adamkiewicza 6A, 05-152 Czosn\u00f3w,<br \/>Nr KRS: 0000116926 (sp\u00f3\u0142ka zarejestrowana w rejestrze przedsi\u0119biorc\u00f3w Krajowego Rejestru S\u0105dowego, prowadzonym przez S\u0105d Rejonowy dla m.st. Warszawy w Warszawie, XIV Wydzia\u0142 Gospodarczy Krajowego Rejestru S\u0105dowego),<br \/>Kapita\u0142 zak\u0142adowy: 718.430.000 PLN w ca\u0142o\u015bci wp\u0142acony,<br \/>NIP: 7311751025.<\/li>\r\n<li>Tre\u015b\u0107 Strony Internetowej jak i jej uk\u0142ad oraz elementy sk\u0142adowe s\u0105 chronione prawem autorskim i nie mog\u0105 by\u0107 w szczeg\u00f3lno\u015bcikopiowane, zwielokrotniane, publikowane, pobierane, zmieniane aniedytowanew jakikolwiek spos\u00f3b, w ca\u0142o\u015bci lub w cz\u0119\u015bci ani w jakiejkolwiek formie, bez uprzedniej pisemnej zgody ADAMEDU, z zastrze\u017ceniem przypadk\u00f3w okre\u015blonych w przepisach powszechnie obowi\u0105zuj\u0105cych.<\/li>\r\n<li>Nazwy produkt\u00f3w ADAMEDU zamieszczone na Stronie Internetowej s\u0105 nazwami handlowymi lub zarejestrowanymi znakami towarowymi stanowi\u0105cymi jego w\u0142asno\u015b\u0107 i podlegaj\u0105 ochronie zgodnie z obowi\u0105zuj\u0105cym prawem.\u00a0 Niniejsze zastrze\u017cenie odnosi si\u0119 odpowiednio do szaty graficznej i innych praw w\u0142asno\u015bci intelektualnejwykorzystanych lub prezentowanych na Stronie Internetowej. U\u017cyte na Stronie Internetowej nazwy handlowe lub znaki towarowe innych podmiot\u00f3w zastrze\u017cone na rzecz innych w\u0142a\u015bcicieli zosta\u0142y u\u017cyte wy\u0142\u0105cznie w celach informacyjnych co do ich produkt\u00f3w lub us\u0142ug. Nieautoryzowane u\u017cycie jakichkolwiek znak\u00f3w towarowych lub innych znak\u00f3w s\u0142owno-graficznych ADAMEDU jest zabronione i mo\u017ce stanowi\u0107 naruszenie przepis\u00f3w prawa w zakresie ochrony znak\u00f3w towarowych.<\/li>\r\n<li>Tre\u015bci zamieszczone w materia\u0142ach zawartych na Stronie Internetowej maj\u0105 charakter informacyjny lub reklamowy i nie mog\u0105 by\u0107 traktowane jako forma doradztwa, konsultacji czy rekomendacji. W szczeg\u00f3lno\u015bci zawarte na Stronie Internetowej informacje na temat produkt\u00f3w z portfolio ADAMEDU nie mog\u0105 zast\u0119powa\u0107 konieczno\u015bci zasi\u0119gni\u0119cia opinii specjalisty w indywidualnej sprawie, w tym lekarza lub farmaceuty.<\/li>\r\n<li>Zasadno\u015b\u0107 zastosowania produktu leczniczego powinna by\u0107 w ka\u017cdym przypadku skonsultowana uprzednio z lekarzem lub farmaceut\u0105. Przed u\u017cyciem produktu leczniczegonale\u017cy r\u00f3wnie\u017c zapozna\u0107 si\u0119 z ulotk\u0105, kt\u00f3ra zawiera wskazania, przeciwwskazania, dane dotycz\u0105ce dzia\u0142a\u0144 niepo\u017c\u0105danych i dawkowanie oraz informacje dotycz\u0105ce stosowania produktu leczniczego. Ka\u017cdy lek niew\u0142a\u015bciwie stosowany zagra\u017ca \u017cyciu lub zdrowiu pacjenta.<\/li>\r\n<li>Strona Internetowa mo\u017ce r\u00f3wnie\u017c zawiera\u0107 publikacje naukowe, opinie ekspert\u00f3w, cytaty lub wyci\u0105gi z artyku\u0142\u00f3w prasowych lub linki do zawieraj\u0105cych je stron zewn\u0119trznych (dalej jako \u201e\u0179r\u00f3d\u0142a Zewn\u0119trzne\u201d). Wszelkie informacje zawarte w \u0179r\u00f3d\u0142ach Zewn\u0119trznych stanowi\u0105 wy\u0142\u0105cznie opinie os\u00f3b lub podmiot\u00f3w, kt\u00f3re je wyrazi\u0142y i nie nale\u017cy ich interpretowa\u0107 jako pogl\u0105d\u00f3w lub zobowi\u0105za\u0144 ADAMEDU. Nie stanowi\u0105 one r\u00f3wnie\u017c porady ani konsultacji i nie zast\u0119puj\u0105 konieczno\u015bci zasi\u0119gni\u0119cia opinii specjalisty w indywidualnej sprawie.<\/li>\r\n<li>Informacje handlowe zamieszczone na Stronie nie stanowi\u0105 oferty w rozumieniu przepis\u00f3w Kodeksu Cywilnego.<\/li>\r\n<li>W przypadku pyta\u0144, komentarzy lub uwag dotycz\u0105cych Strony Internetowej, prosimy o kontakt:\u00a0adamed@adamed.com.<\/li>\r\n<div class=\"content contact\">\r\n<h4 class=\"wp-block-heading\">Adamed Pharma S.A.<\/h4>\r\n<p>Pie\u0144k\u00f3w,\u00a0<br \/>ul. Mariana Adamkiewicza 6A<br \/>05-152 Czosn\u00f3w k. W-wy<br \/>Polska<\/p>\r\n<p><a href=\"https:\/\/www.google.com\/maps\/dir\/?api=1&amp;destination=52.3630469,20.8039655,17\" target=\"_blank\" rel=\"noopener\"><img decoding=\"async\" style=\"max-width: 100%;\" src=\"\/wp-content\/uploads\/2022\/08\/point-ico.png\" alt=\"\" \/>\u00a0Wyznacz tras\u0119<\/a><\/p>\r\n<h4>Sekretariat<\/h4>\r\n<p>Tel.: <a href=\"callto:+48227327700\"><b>+48 22 732 77 00<\/b><\/a><br \/>Fax.: <a href=\"callto:+48227327800\"><b>+48 22 732 78 00<\/b><\/a><br \/><a href=\"mailto:adamed@adamed.com\">adamed@adamed.com<\/a><\/p>\r\n<\/div>\r\n<\/ol>\r\n\r\n<\/div>\r\n<\/div>\r\n<\/div>\r\n<\/div>\r\n<\/div>\r\n<\/div>\r\n<\/div>\r\n\r\n","protected":false},"excerpt":{"rendered":"<p>Zawarto\u015b\u0107 niniejszej strony internetowej (dalej: \u201eStrona Internetowa\u201d) stanowi w\u0142asno\u015b\u0107 Adamed Pharma S.A. (dalej: \u201eADAMED\u201d).Adamed Pharma S.A.Adres: Pie\u0144k\u00f3w, ul. Mariana Adamkiewicza 6A, 05-152 Czosn\u00f3w,Nr KRS: 0000116926 (sp\u00f3\u0142ka zarejestrowana w rejestrze przedsi\u0119biorc\u00f3w Krajowego Rejestru S\u0105dowego, prowadzonym przez S\u0105d Rejonowy dla m.st. Warszawy w Warszawie, XIV Wydzia\u0142 Gospodarczy Krajowego Rejestru S\u0105dowego),Kapita\u0142 zak\u0142adowy: 718.430.000 PLN w ca\u0142o\u015bci wp\u0142acony,NIP: 7311751025. [&hellip;]<\/p>\n","protected":false},"author":4,"featured_media":0,"parent":0,"menu_order":0,"comment_status":"closed","ping_status":"closed","template":"","meta":{"ngg_post_thumbnail":0,"footnotes":""},"class_list":["post-397","page","type-page","status-publish","hentry"],"acf":[],"_links":{"self":[{"href":"https:\/\/adameddlarodziny.com\/index.php\/wp-json\/wp\/v2\/pages\/397","targetHints":{"allow":["GET"]}}],"collection":[{"href":"https:\/\/adameddlarodziny.com\/index.php\/wp-json\/wp\/v2\/pages"}],"about":[{"href":"https:\/\/adameddlarodziny.com\/index.php\/wp-json\/wp\/v2\/types\/page"}],"author":[{"embeddable":true,"href":"https:\/\/adameddlarodziny.com\/index.php\/wp-json\/wp\/v2\/users\/4"}],"replies":[{"embeddable":true,"href":"https:\/\/adameddlarodziny.com\/index.php\/wp-json\/wp\/v2\/comments?post=397"}],"version-history":[{"count":27,"href":"https:\/\/adameddlarodziny.com\/index.php\/wp-json\/wp\/v2\/pages\/397\/revisions"}],"predecessor-version":[{"id":458,"href":"https:\/\/adameddlarodziny.com\/index.php\/wp-json\/wp\/v2\/pages\/397\/revisions\/458"}],"wp:attachment":[{"href":"https:\/\/adameddlarodziny.com\/index.php\/wp-json\/wp\/v2\/media?parent=397"}],"curies":[{"name":"wp","href":"https:\/\/api.w.org\/{rel}","templated":true}]}}