{"id":393,"date":"2022-08-06T11:56:08","date_gmt":"2022-08-06T09:56:08","guid":{"rendered":"http:\/\/badanie.starmail.pl\/?page_id=393"},"modified":"2025-07-01T22:16:07","modified_gmt":"2025-07-01T20:16:07","slug":"dane-osobowe","status":"publish","type":"page","link":"https:\/\/adameddlarodziny.com\/index.php\/dane-osobowe\/","title":{"rendered":"Dane osobowe"},"content":{"rendered":"<div class=\"layout_element layout_section dha-blue-mint\">\r\n<div class=\"layout_element layout_container\">\r\n<div class=\"layout_element layout_row  row flex items-center justify-center\">\r\n<div class=\"layout_element layout_column col-xs-12 col-sm-12 col-md-12 col-lg-12 w-3\/4 flex items-center justify-center \">\r\n<div id=\"component_wrapper_1674004\" class=\"layout_element component_wrapper wrapped_content\">\r\n<div id=\"content_1_04122019\" class=\"component content component_1674004\" data-component-id=\"1674004\" data-component-type-code=\"content\" data-js-parameters=\"{&quot;virtual_path_present&quot;:&quot;false&quot;,&quot;node_url&quot;:&quot;\\\/nota-prawna&quot;}\">\r\n<div id=\"component_content_1674004\" class=\"content_area\">\r\n<ol>\r\n<li style=\"list-style-type: none;\">\r\n\r\n<div class=\"items-center justify-center w-3\/4\"\r\n<h4 class=\"lead\">Jako firma odpowiedzialna i dzia\u0142aj\u0105ca etycznie szanujemy prawo do ochrony danych osobowych naszych wsp\u00f3\u0142pracownik\u00f3w, kontrahent\u00f3w i partner\u00f3w. W zwi\u0105zku z tym, chcemy przedstawi\u0107 Pa\u0144stwu najwa\u017cniejsze zasady ochrony danych osobowych funkcjonuj\u0105ce w firmie Adamed.<\/h4>\r\n<p><strong>Kim jest Administrator Danych Osobowych?<\/strong><\/p>\r\n<p>Zgodnie z art. 13 i art. 14 og\u00f3lnego Rozporz\u0105dzenia o ochronie danych osobowych z dnia 27 kwietnia 2016r. (RODO) informujemy, i\u017c Administratorem Pa\u0144stwa danych osobowych jest\u00a0jest Adamed Pharma S.A.\u00a0z siedzib\u0105 w Pie\u0144kowie, ul. Mariana Adamkiewicza 6A, 05-152 Czosn\u00f3w.<\/p>\r\n<p>Administrator Danych osobowych przed rozpocz\u0119ciem czynno\u015bci przetwarzania danych osobowych ka\u017cdorazowo identyfikuje cel, podstaw\u0119 prawn\u0105 do ich przetwarzania oraz okre\u015bla okres retencji danych. Pa\u0144stwa dane osobowe przetwarzane s\u0105:<\/p>\r\n<ul>\r\n<li>ze wzgl\u0119du na realizacj\u0119 umowy, kt\u00f3ra wi\u0105\u017ce Pa\u0144stwa z Administratorem, lub dzia\u0142ania niezb\u0119dne do jej zawarcia (Art. 6 ust. 1 lit b),<\/li>\r\n<li>ze wzgl\u0119du na wymagania prawne, do kt\u00f3rych przestrzegania zobligowany jest Administrator (Art. 6 ust. 1 lit c),<\/li>\r\n<li>ze wzgl\u0119du na prawnie uzasadniony interes realizowany przez Administratora (Art. 6 ust. 1 lit f),<\/li>\r\n<li>na podstawie uzyskanej od Pa\u0144stwa zgody (Art. 6 ust. 1 lit a).<\/li>\r\n<\/ul>\r\n<p>Ka\u017cdorazowo dok\u0142adamy wszelkich stara\u0144 by zostali Pa\u0144stwo poinformowani o celu przetwarzania danych osobowych, podstawie prawnej tego przetwarzania, okresie retencji danych i wszystkich innych informacjach wymaganych przez RODO w ramach realizacji obowi\u0105zku informacyjnego.<\/p>\r\n<p>Je\u017celi maj\u0105 Pa\u0144stwo pytania lub w\u0105tpliwo\u015bci w zakresie ochrony Pa\u0144stwa danych osobowych, prosimy o kontakt poprzez wskazany adres poczty elektronicznej. Z przyjemno\u015bci\u0105 udzielimy szczeg\u00f3\u0142owych informacji.<\/p>\r\n<p><strong>Kim jest Inspektor Ochrony Danych?<\/strong><\/p>\r\n<p>Inspektor Ochrony Danych zosta\u0142 powo\u0142any na podstawie art. 37 Rozporz\u0105dzenia Parlamentu Europejskiego i Rady (UE) 2016\/679 z dnia 27 kwietnia 2016 r. w sprawie ochrony os\u00f3b fizycznych w zwi\u0105zku z przetwarzaniem danych osobowych i w sprawie swobodnego przep\u0142ywu takich danych oraz uchylenia dyrektywy 95\/46\/WE.<\/p>\r\n<p>Inspektorem Ochrony Danych Adamed Pharma S.A.\u00a0jest Daniel Grudzie\u0144.<\/p>\r\n<p>Inspektor Ochrony Danych w ramach realizowanych zada\u0144 dba o ochron\u0119 praw i wolno\u015bci os\u00f3b, kt\u00f3rych dane osobowe s\u0105 przetwarzane. Osoby te mog\u0105 wi\u0119c zwr\u00f3ci\u0107 si\u0119 do Inspektora Ochrony Danych we wszelkich sprawach zwi\u0105zanych z ich danymi osobowymi w zakresie w jakim dane te s\u0105 przetwarzane.<\/p>\r\n<p><strong>Jakimi sprawami zajmuje si\u0119 Inspektor Ochrony Danych?<\/strong><\/p>\r\n<p>Inspektor Ochrony Danych weryfikuje prawid\u0142owo\u015b\u0107 przetwarzania danych osobowych w organizacji. W ramach swoich dzia\u0142a\u0144 jest r\u00f3wnie\u017c punktem kontaktowym dla wszelkich zg\u0142osze\u0144 zwi\u0105zanych z ewentualnymi nieprawid\u0142owo\u015bciami w przetwarzaniu danych osobowych. Do Inspektora Ochrony Danych mo\u017cna si\u0119 wi\u0119c zwr\u00f3ci\u0107, je\u017celi w Pa\u0144stwa opinii dosz\u0142o do naruszenia ochrony danych osobowych w kt\u00f3rymkolwiek z podmiot\u00f3w Adamed. Inspektor Ochrony Danych jest r\u00f3wnie\u017c podmiotem, do kt\u00f3rego nale\u017cy adresowa\u0107 \u017c\u0105dania o realizacj\u0119 przys\u0142uguj\u0105cych praw.<\/p>\r\n<ol>\r\n<li>Prawa te dotycz\u0105 w szczeg\u00f3lno\u015bci:<\/li>\r\n<li>Prawa dost\u0119pu do danych osobowych,<\/li>\r\n<li>Prawa do ich sprostowania,<\/li>\r\n<li>Prawa do usuni\u0119cia danych osobowych (\u201cprawo do bycia zapomnianym\u201d),<\/li>\r\n<li>Prawa do ograniczenia przetwarzania,<\/li>\r\n<li>Prawa do przenoszenia danych osobowych,<\/li>\r\n<li>Prawa do sprzeciwu wobec dalszego przetwarzania,<\/li>\r\n<li>Prawa do sprzeciwu wobec zautomatyzowanego podejmowania decyzji, w tym profilowania,<\/li>\r\n<li>Prawa do zawiadamiania o wyst\u0105pieniu naruszenia w ochronie danych osobowych.<\/li>\r\n<\/ol>\r\n<p><strong>Jaki jest tryb procedowania Pa\u0144stwa wniosku?<\/strong><\/p>\r\n<p>Wniosek mo\u017ce by\u0107 z\u0142o\u017cony za po\u015brednictwem wybranego pracownika Administratora Danych Osobowych lub bezpo\u015brednio do Inspektora Ochrony Danych. Jego rozpatrzeniem zajmiemy si\u0119 niezw\u0142ocznie. Je\u017celi realizacja wniosku b\u0119dzie trwa\u0142a d\u0142u\u017cej ni\u017c miesi\u0105c o przed\u0142u\u017ceniu terminu udzielenia odpowiedzi zostan\u0105 Pa\u0144stwo poinformowani odr\u0119bnym pismem. Takie przed\u0142u\u017cenie jest mo\u017cliwe z uwagi na z\u0142o\u017cono\u015b\u0107 \u017c\u0105dania lub liczb\u0119 z\u0142o\u017conych wniosk\u00f3w.<\/p>\r\n<p>Je\u017celi wniosek nie pozwala na Pa\u0144stwa jednoznaczn\u0105 identyfikacj\u0119 lub jest niejasny, Inspektor Ochrony Danych skieruje do Pa\u0144stwa pro\u015bb\u0119 o jego uzupe\u0142nienie w terminie jednego miesi\u0105ca od wp\u0142ywu wniosku.<\/p>\r\n<p>Je\u017celi wniosek zostanie z\u0142o\u017cony w formie elektronicznej, dalsza korespondencja b\u0119dzie prowadzona r\u00f3wnie\u017c w tej formie, je\u017celi oka\u017ce si\u0119 to mo\u017cliwe. W innych przypadkach o sposobie rozpoznania wniosku zostan\u0105 Pa\u0144stwo poinformowani w formie pisemnej, listem poleconym za potwierdzeniem odbioru.<\/p>\r\n<p>Rozpatrzenie wniosku jest wolne od op\u0142at. Je\u017celi jednak \u017c\u0105danie jest nieuzasadnione lub cz\u0119sto powtarzane, Administrator Danych Osobowych mo\u017ce na\u0142o\u017cy\u0107 uzasadnion\u0105 op\u0142at\u0119, uwzgl\u0119dniaj\u0105c\u0105 rozs\u0105dne koszty administracyjne zwi\u0105zane z rozpoznaniem wniosku, komunikacj\u0105 iprzeprowadzeniem wnioskowanych operacji lub odm\u00f3wi\u0107 rozpoznania wniosku.<\/p>\r\n<p><strong>Jak skontaktowa\u0107 si\u0119 z Inspektorem Ochrony Danych?<\/strong><\/p>\r\n<p>Z Inspektorem Ochrony Danych mo\u017cna skontaktowa\u0107 si\u0119:<\/p>\r\n<ul>\r\n<li>elektronicznie przez\u00a0adres e-mail: <a href=\"mailto:iod@adamed.com\">iod@adamed.com<\/a>,<\/li>\r\n<li>w formie pisemnej poprzez kontakt na w\u0142a\u015bciwy adres siedziby Administratora Danych Osobowych.<\/li>\r\n<\/ul>\r\n<\/div>\r\n","protected":false},"excerpt":{"rendered":"","protected":false},"author":4,"featured_media":0,"parent":0,"menu_order":0,"comment_status":"closed","ping_status":"closed","template":"","meta":{"ngg_post_thumbnail":0,"footnotes":""},"class_list":["post-393","page","type-page","status-publish","hentry"],"acf":[],"_links":{"self":[{"href":"https:\/\/adameddlarodziny.com\/index.php\/wp-json\/wp\/v2\/pages\/393","targetHints":{"allow":["GET"]}}],"collection":[{"href":"https:\/\/adameddlarodziny.com\/index.php\/wp-json\/wp\/v2\/pages"}],"about":[{"href":"https:\/\/adameddlarodziny.com\/index.php\/wp-json\/wp\/v2\/types\/page"}],"author":[{"embeddable":true,"href":"https:\/\/adameddlarodziny.com\/index.php\/wp-json\/wp\/v2\/users\/4"}],"replies":[{"embeddable":true,"href":"https:\/\/adameddlarodziny.com\/index.php\/wp-json\/wp\/v2\/comments?post=393"}],"version-history":[{"count":9,"href":"https:\/\/adameddlarodziny.com\/index.php\/wp-json\/wp\/v2\/pages\/393\/revisions"}],"predecessor-version":[{"id":765,"href":"https:\/\/adameddlarodziny.com\/index.php\/wp-json\/wp\/v2\/pages\/393\/revisions\/765"}],"wp:attachment":[{"href":"https:\/\/adameddlarodziny.com\/index.php\/wp-json\/wp\/v2\/media?parent=393"}],"curies":[{"name":"wp","href":"https:\/\/api.w.org\/{rel}","templated":true}]}}