{"id":36,"date":"2022-08-01T11:39:47","date_gmt":"2022-08-01T09:39:47","guid":{"rendered":"http:\/\/badanie.starmail.pl\/?page_id=36"},"modified":"2025-07-01T22:16:07","modified_gmt":"2025-07-01T20:16:07","slug":"kontakt","status":"publish","type":"page","link":"https:\/\/adameddlarodziny.com\/index.php\/kontakt\/","title":{"rendered":"Kontakt"},"content":{"rendered":"<div class=\"flex flex-wrap md:flex-nowrap items-center mt-8\">\n<div class=\"w-full md:w-6\/12\">\n<h3>Adamed Pharma S.A.<\/h3>\n<p>Pie\u0144k\u00f3w,<br \/>\nul. Mariana Adamkiewicza 6A<br \/>\n05-152 Czosn\u00f3w k. W-wy<br \/>\nPolska<\/p>\n<p class=\"mt-8\">\n<h4>Recepcja<\/h4>\n<p><a href=\"tel:+48227327700\">Tel.: +48 22 732 77 00<\/a><br \/>\n<a href=\"tel:+48227327800\">Fax.: +48 22 732 78 00<\/a><br \/>\n<a href=\"mailto:adamed@adamed.com\">adamed@adamed.com<\/a><br \/>\n<a href=\"https:\/\/www.adamed.com\">www.adamed.com<\/a>\n<\/div>\n<div class=\"w-full md:w-5\/12\"><img decoding=\"async\" class=\"alignnone size-medium wp-image-95\" src=\"http:\/\/badanie.starmail.pl\/wp-content\/uploads\/2022\/08\/kontakt.png\" alt=\"\" width=\"100%\" srcset=\"https:\/\/adameddlarodziny.com\/wp-content\/uploads\/2022\/08\/kontakt.png 652w, https:\/\/adameddlarodziny.com\/wp-content\/uploads\/2022\/08\/kontakt-300x169.png 300w\" sizes=\"(max-width: 652px) 100vw, 652px\" \/><\/div>\n<\/div>\n","protected":false},"excerpt":{"rendered":"<p>Adamed Pharma S.A. Pie\u0144k\u00f3w, ul. Mariana Adamkiewicza 6A 05-152 Czosn\u00f3w k. W-wy Polska Recepcja Tel.: +48 22 732 77 00 Fax.: +48 22 732 78 00 adamed@adamed.com www.adamed.com<\/p>\n","protected":false},"author":4,"featured_media":0,"parent":0,"menu_order":0,"comment_status":"closed","ping_status":"closed","template":"","meta":{"ngg_post_thumbnail":0,"footnotes":""},"class_list":["post-36","page","type-page","status-publish","hentry"],"acf":[],"_links":{"self":[{"href":"https:\/\/adameddlarodziny.com\/index.php\/wp-json\/wp\/v2\/pages\/36","targetHints":{"allow":["GET"]}}],"collection":[{"href":"https:\/\/adameddlarodziny.com\/index.php\/wp-json\/wp\/v2\/pages"}],"about":[{"href":"https:\/\/adameddlarodziny.com\/index.php\/wp-json\/wp\/v2\/types\/page"}],"author":[{"embeddable":true,"href":"https:\/\/adameddlarodziny.com\/index.php\/wp-json\/wp\/v2\/users\/4"}],"replies":[{"embeddable":true,"href":"https:\/\/adameddlarodziny.com\/index.php\/wp-json\/wp\/v2\/comments?post=36"}],"version-history":[{"count":36,"href":"https:\/\/adameddlarodziny.com\/index.php\/wp-json\/wp\/v2\/pages\/36\/revisions"}],"predecessor-version":[{"id":417,"href":"https:\/\/adameddlarodziny.com\/index.php\/wp-json\/wp\/v2\/pages\/36\/revisions\/417"}],"wp:attachment":[{"href":"https:\/\/adameddlarodziny.com\/index.php\/wp-json\/wp\/v2\/media?parent=36"}],"curies":[{"name":"wp","href":"https:\/\/api.w.org\/{rel}","templated":true}]}}