{"id":32,"date":"2022-08-01T11:39:18","date_gmt":"2022-08-01T09:39:18","guid":{"rendered":"http:\/\/badanie.starmail.pl\/?page_id=32"},"modified":"2025-07-01T22:16:07","modified_gmt":"2025-07-01T20:16:07","slug":"zakres-badan","status":"publish","type":"page","link":"https:\/\/adameddlarodziny.com\/index.php\/zakres-badan\/","title":{"rendered":"Zakres bada\u0144"},"content":{"rendered":"<div class=\"flex items-center justify-center\"><img decoding=\"async\" class=\"flex items-center justify-center w-1\/2 md:w-1\/6\" src=\"\/wp-content\/uploads\/2022\/08\/logo.svg\" alt=\"Adamed dla rodziny\"><\/div>\n<div class=\"flex items-center justify-center mb-6 md:mb-12\">\n<div class=\"a-button a-zakres-badan text-center text-4xl\"><span class=\"font-light\">ZAPRASZAMY DO <\/span><br \/>\n<strong><span class=\"text-white\">BEZP\u0141ATNYCH BADA\u0143 <\/span><\/strong><\/div>\n<\/div>\n<div class=\"flex\">\n<div class=\"hidden md:block w-1\/12\">&nbsp;<\/div>\n<div class=\"w-full md:w-10\/12\">\n<div class=\"flex flex-wrap md:px-12\">\n<div class=\"w-full md:w-1\/2 p-4 flex space-x-4\">\n<div class=\"w-1\/5\"><img decoding=\"async\" class=\"w-24 object-contain\" src=\"\/wp-content\/uploads\/2022\/08\/iko-serce.png\" alt=\"\"><\/div>\n<div class=\"w-4\/5\">\n<p><strong class=\"text-xl md:text-2xl\">BADANIA KARDIOLOGICZNE<\/strong><\/p>\n<ul class=\"text-base\">\n<li>Badanie poziomu glukozy, lipidogram, pomiar ci\u015bnienia t\u0119tniczego i t\u0119tna<\/li>\n<li>Badanie ECHO SERCA<\/li>\n<li>Konsultacja z lekarzem kardiologiem<\/li>\n<\/ul>\n<\/div>\n<\/div>\n<div class=\"w-full md:w-1\/2 p-4 flex space-x-4\">\n<div class=\"w-1\/5\"><img decoding=\"async\" class=\"w-24 object-contain\" src=\"\/wp-content\/uploads\/2022\/08\/iko-oko.png\" alt=\"\"><\/div>\n<div class=\"w-4\/5\">\n<p><strong class=\"text-xl md:text-2xl\">BADANIA OKULISTYCZNE<\/strong><\/p>\n<ul class=\"text-base\">\n<li>Badanie dna oka \u2013 ocena siatk\u00f3wki, naczy\u0144, tarczy nerwu wzrokowego i plamki \u017c\u00f3\u0142tej<\/li>\n<li>Konsultacja z lekarzem okulist\u0105<\/li>\n<\/ul>\n<\/div>\n<\/div>\n<div class=\"w-full md:w-1\/2 p-4 flex space-x-4\">\n<div class=\"w-1\/5\"><img decoding=\"async\" class=\"w-24 object-contain\" src=\"\/wp-content\/uploads\/2022\/08\/iko-pluca.png\" alt=\"\"><\/div>\n<div class=\"w-4\/5\">\n<p><strong class=\"text-xl md:text-2xl\">BADANIA UROLOGICZNA<\/strong><\/p>\n<ul class=\"text-base\">\n<li>Badanie urologiczne konsultacje z lekarzem urologiem<\/li>\n<\/ul>\n<\/div>\n<\/div>\n<div class=\"w-full md:w-1\/2 p-4 flex space-x-4\">\n<div class=\"w-1\/5\"><img decoding=\"async\" class=\"w-24 object-contain\" src=\"\/wp-content\/uploads\/2022\/08\/iko-pulmo.png\" alt=\"\"><\/div>\n<div class=\"w-4\/5\">\n<p><strong class=\"text-xl md:text-2xl\">BADANIA PULMONOLOGICZNE<\/strong><\/p>\n<ul class=\"text-base\">\n<li>Badanie spirometryczne<\/li>\n<li>Konsultacja z lekarzem pulmonologiem<\/li>\n<\/ul>\n<\/div>\n<\/div>\n<div class=\"w-full md:w-1\/2 p-4 flex space-x-4\">\n<div class=\"w-1\/5\"><img decoding=\"async\" class=\"w-24 object-contain\" src=\"\/wp-content\/uploads\/2022\/08\/iko-diabetologia.png\" alt=\"\"><\/div>\n<div class=\"w-4\/5\">\n<p><strong class=\"text-xl md:text-2xl\">BADANIA DIABETOLOGICZNE<\/strong><\/p>\n<ul class=\"text-base\">\n<li>Badanie poziomu hemoglobiny glikowanej<\/li>\n<li>Konsultacja z lekarzem diabetologiem<\/li>\n<\/ul>\n<\/div>\n<\/div>\n<div class=\"w-full md:w-1\/2 p-4 flex space-x-4\">\n<div class=\"w-1\/5\"><img decoding=\"async\" class=\"w-24 object-contain\" src=\"\/wp-content\/uploads\/2022\/08\/iko-usg.png\" alt=\"\"><\/div>\n<div class=\"w-4\/5\">\n<p><strong class=\"text-xl md:text-2xl\">BADANIE USG*<\/strong><\/p>\n<ul class=\"text-base\">\n<li style=\"list-style-type: none;\">\n<ul class=\"text-base\">\n<li>USG jamy brzusznej<\/li>\n<li>USG piersi<\/li>\n<li>USG tarczycy<\/li>\n<li>USG j\u0105der<\/li>\n<\/ul>\n<\/li>\n<\/ul>\n<p><sub>*badanie wymaga <a href=\"https:\/\/adameddlarodziny.com\/index.php\/badania-usg\/\" rel=\"noopener\">specjalnego przygotowania.<\/a><\/sub><\/p>\n<\/div>\n<\/div>\n<div class=\"w-full md:w-1\/2 p-4 flex space-x-4\">\n<div class=\"w-1\/5\"><img decoding=\"async\" class=\"w-24 object-contain\" src=\"\/wp-content\/uploads\/2022\/08\/iko-psyche.png\" alt=\"\"><\/div>\n<div class=\"w-4\/5\">\n<p><strong class=\"text-xl md:text-2xl\">WARSZTATY O EMOCJACH<\/strong><\/p>\n<ul class=\"text-base\">\n<li>Warsztaty prowadzone przez wyk\u0142adowc\u00f3w Akademii Pedagogiki Specjalnej im. Marii Grzegorzewskiej.<\/li>\n<\/ul>\n<\/div>\n<\/div>\n<div class=\"w-full md:w-1\/2 p-4 flex space-x-4\">\n<div class=\"w-1\/5\">&nbsp;<\/div>\n<div class=\"w-4\/5\">&nbsp;<\/div>\n<\/div>\n<div class=\"w-full md:w-1\/2 p-4 flex space-x-4\">\n<div class=\"w-1\/5\">&nbsp;<\/div>\n<\/div>\n<\/div>\n<\/div>\n<\/div>\n<div>&nbsp;<\/div>\n<div class=\"flex justify-center mt-4 md:mt-8\">\n<p>&nbsp;<\/p>\n<div class=\"pl-2 mt-1 md:mt-8\"><b>Zobacz tak\u017ce:<\/b><\/p>\n<ul>\n<li><a href=\"https:\/\/adameddlarodziny.com\/wp-content\/uploads\/2022\/08\/REGULAMIN-UDZIELANIA-SWIADCZEN-MEDYCZNYCH-W-RAMACH-PROJEKTU-ADAMED-DLA-RODZINY.pdf\" target=\"_blank\" rel=\"noopener\">Regulamin udzielania \u015bwiadcze\u0144 zdrowotnych<\/a><\/li>\n<li><a href=\"https:\/\/adameddlarodziny.com\/wp-content\/uploads\/2022\/08\/REGULAMIN-KAMPANII-SPOLECZNEJ-ADAMED-DLA-RODZINY.pdf\" target=\"_blank\" rel=\"noopener\">Regulamin kampanii spo\u0142ecznej <\/a><\/li>\n<\/ul>\n<\/div>\n<\/div>\n","protected":false},"excerpt":{"rendered":"<p>ZAPRASZAMY DO BEZP\u0141ATNYCH BADA\u0143 &nbsp; BADANIA KARDIOLOGICZNE Badanie poziomu glukozy, lipidogram, pomiar ci\u015bnienia t\u0119tniczego i t\u0119tna Badanie ECHO SERCA Konsultacja z lekarzem kardiologiem BADANIA OKULISTYCZNE Badanie dna oka \u2013 ocena siatk\u00f3wki, naczy\u0144, tarczy nerwu wzrokowego i plamki \u017c\u00f3\u0142tej Konsultacja z lekarzem okulist\u0105 BADANIA UROLOGICZNA Badanie urologiczne konsultacje z lekarzem urologiem BADANIA PULMONOLOGICZNE Badanie spirometryczne Konsultacja [&hellip;]<\/p>\n","protected":false},"author":4,"featured_media":0,"parent":0,"menu_order":0,"comment_status":"closed","ping_status":"closed","template":"","meta":{"ngg_post_thumbnail":0,"footnotes":""},"class_list":["post-32","page","type-page","status-publish","hentry"],"acf":[],"_links":{"self":[{"href":"https:\/\/adameddlarodziny.com\/index.php\/wp-json\/wp\/v2\/pages\/32","targetHints":{"allow":["GET"]}}],"collection":[{"href":"https:\/\/adameddlarodziny.com\/index.php\/wp-json\/wp\/v2\/pages"}],"about":[{"href":"https:\/\/adameddlarodziny.com\/index.php\/wp-json\/wp\/v2\/types\/page"}],"author":[{"embeddable":true,"href":"https:\/\/adameddlarodziny.com\/index.php\/wp-json\/wp\/v2\/users\/4"}],"replies":[{"embeddable":true,"href":"https:\/\/adameddlarodziny.com\/index.php\/wp-json\/wp\/v2\/comments?post=32"}],"version-history":[{"count":147,"href":"https:\/\/adameddlarodziny.com\/index.php\/wp-json\/wp\/v2\/pages\/32\/revisions"}],"predecessor-version":[{"id":1141,"href":"https:\/\/adameddlarodziny.com\/index.php\/wp-json\/wp\/v2\/pages\/32\/revisions\/1141"}],"wp:attachment":[{"href":"https:\/\/adameddlarodziny.com\/index.php\/wp-json\/wp\/v2\/media?parent=32"}],"curies":[{"name":"wp","href":"https:\/\/api.w.org\/{rel}","templated":true}]}}