{"id":30,"date":"2022-08-01T11:39:10","date_gmt":"2022-08-01T09:39:10","guid":{"rendered":"http:\/\/badanie.starmail.pl\/?page_id=30"},"modified":"2025-07-01T22:16:07","modified_gmt":"2025-07-01T20:16:07","slug":"o-akcji","status":"publish","type":"page","link":"https:\/\/adameddlarodziny.com\/index.php\/o-akcji\/","title":{"rendered":"O Akcji"},"content":{"rendered":"<div class=\"layout_element layout_section dha-blue-mint\">\n<div class=\"layout_element layout_container\">\n<div class=\"layout_element layout_row row flex items-center justify-center\">\n<div class=\"layout_element layout_column col-xs-12 col-sm-12 col-md-12 col-lg-12 w-3\/4 flex items-center justify-center \">\n<div id=\"component_wrapper_1674004\" class=\"layout_element component_wrapper wrapped_content\">\n<div id=\"content_1_04122019\" class=\"component content component_1674004\" data-component-id=\"1674004\" data-component-type-code=\"content\" data-js-parameters=\"{&quot;virtual_path_present&quot;:&quot;false&quot;,&quot;node_url&quot;:&quot;\\\/nota-prawna&quot;}\">\n<div id=\"component_content_1674004\" class=\"content_area\">\n<h1>O Akcji<\/h1>\n<h2 class=\"pt-4 \">IDEA<\/h2>\n<p>Dotarcie z bezp\u0142atnymi badaniami i konsultacjami do mieszka\u0144c\u00f3w mniejszych miejscowo\u015bci,&nbsp;w kt\u00f3rych dost\u0119p do lekarza specjalisty jest szczeg\u00f3lnie utrudniony.<\/p>\n<h2 class=\"pt-4 mt-4\">Za\u0142o\u017cenia kampanii<\/h2>\n<p>Kampania spo\u0142eczna ADAMED DLA RODZINY ma na celu stworzenie bezp\u0142atnych stref zdrowia w wybranych lokalizacjach na terenie ca\u0142ego kraju.<\/p>\n<h3 class=\"mt-12\">Edycja 2022:<\/h3>\n<ul class=\"mt-16\">\n<li>odwiedzenie 5 miejscowo\u015bci, w kt\u00f3rych dost\u0119p do lekarza jest utrudniony ze wzgl\u0119du na d\u0142u\u017cszy, ni\u017c w innych o\u015brodkach, czas oczekiwania na wizyt\u0119. Dodatkowym kryterium wyboru lokalizacji stanowi liczba ludno\u015bci (50-100 tys. mieszka\u0144c\u00f3w), gdy\u017c w takich miejscach pojawia si\u0119 problem mo\u017cliwo\u015bci korzystania ze specjalistycznych us\u0142ug medycznych.&nbsp;Dodatkow\u0105 6. miejscowo\u015bci\u0105 na trasie kampanii \u201eAdamed Dla Rodziny\u201d 24 wrze\u015bnia by\u0142y Katowice w ramach IV Forum Serce Pacjenta,<\/li>\n<li>powstanie bezp\u0142atnych stref zdrowia, gdzie mo\u017cna skorzysta\u0107 ze specjalistycznych bada\u0144 oraz konsultacji pod profesjonalnym nadzorem specjalist\u00f3w w danej dziedzinie lub piel\u0119gniarskim.<\/li>\n<\/ul>\n<h2 class=\"pt-4\">Zakres wykonywanych us\u0142ug obejmowa\u0142:<\/h2>\n<ul>\n<li>badania kardiologiczne (echo serca, lipidogram: poziom cholesterolu ca\u0142kowitego, cholesterolu HDL, LDL, tr\u00f3jgliceryd\u00f3w; pomiar glukozy; pomiar ci\u015bnienia t\u0119tniczego i t\u0119tna),<\/li>\n<li>badania pulmonologiczne (spirometria),<\/li>\n<li>badania okulistyczne (badanie dna oka wraz z konsultacj\u0105 lekarsk\u0105 \u2013 ocena siatk\u00f3wki, naczy\u0144, tarczy nerwu wzrokowego i plamki \u017c\u00f3\u0142tej oftalmoskopem oraz wziernikiem okulistycznym),<\/li>\n<li>badania diabetologiczne (badanie poziomu hemoglobiny glikowanej HbA1c \u2013 poziom glukozy w ostatnich 6. miesi\u0105cach),<\/li>\n<li>badania urologiczne z konsultacj\u0105 lekarsk\u0105,<\/li>\n<li>badania USG (jamy brzusznej oraz narz\u0105du gruczo\u0142u krokowego, piersi, tarczycy, j\u0105der),&nbsp;<\/li>\n<li>wyk\u0142ady i warsztaty psychologiczne,<\/li>\n<li>konsultacje psychiatryczne.<\/li>\n<\/ul>\n<\/div>\n<\/div>\n<\/div>\n<\/div>\n<\/div>\n<\/div>\n<\/div>\n","protected":false},"excerpt":{"rendered":"<p>O Akcji IDEA Dotarcie z bezp\u0142atnymi badaniami i konsultacjami do mieszka\u0144c\u00f3w mniejszych miejscowo\u015bci,&nbsp;w kt\u00f3rych dost\u0119p do lekarza specjalisty jest szczeg\u00f3lnie utrudniony. Za\u0142o\u017cenia kampanii Kampania spo\u0142eczna ADAMED DLA RODZINY ma na celu stworzenie bezp\u0142atnych stref zdrowia w wybranych lokalizacjach na terenie ca\u0142ego kraju. Edycja 2022: odwiedzenie 5 miejscowo\u015bci, w kt\u00f3rych dost\u0119p do lekarza jest utrudniony ze [&hellip;]<\/p>\n","protected":false},"author":4,"featured_media":0,"parent":0,"menu_order":0,"comment_status":"closed","ping_status":"closed","template":"","meta":{"ngg_post_thumbnail":0,"footnotes":""},"class_list":["post-30","page","type-page","status-publish","hentry"],"acf":[],"_links":{"self":[{"href":"https:\/\/adameddlarodziny.com\/index.php\/wp-json\/wp\/v2\/pages\/30","targetHints":{"allow":["GET"]}}],"collection":[{"href":"https:\/\/adameddlarodziny.com\/index.php\/wp-json\/wp\/v2\/pages"}],"about":[{"href":"https:\/\/adameddlarodziny.com\/index.php\/wp-json\/wp\/v2\/types\/page"}],"author":[{"embeddable":true,"href":"https:\/\/adameddlarodziny.com\/index.php\/wp-json\/wp\/v2\/users\/4"}],"replies":[{"embeddable":true,"href":"https:\/\/adameddlarodziny.com\/index.php\/wp-json\/wp\/v2\/comments?post=30"}],"version-history":[{"count":57,"href":"https:\/\/adameddlarodziny.com\/index.php\/wp-json\/wp\/v2\/pages\/30\/revisions"}],"predecessor-version":[{"id":1139,"href":"https:\/\/adameddlarodziny.com\/index.php\/wp-json\/wp\/v2\/pages\/30\/revisions\/1139"}],"wp:attachment":[{"href":"https:\/\/adameddlarodziny.com\/index.php\/wp-json\/wp\/v2\/media?parent=30"}],"curies":[{"name":"wp","href":"https:\/\/api.w.org\/{rel}","templated":true}]}}