{"id":1149,"date":"2022-11-25T16:25:04","date_gmt":"2022-11-25T15:25:04","guid":{"rendered":"https:\/\/adameddlarodziny.com\/?page_id=1149"},"modified":"2025-07-01T22:16:07","modified_gmt":"2025-07-01T20:16:07","slug":"raport","status":"publish","type":"page","link":"https:\/\/adameddlarodziny.com\/index.php\/raport\/","title":{"rendered":"Stan zdrowia Polak\u00f3w"},"content":{"rendered":"<div class=\"layout_element layout_section dha-blue-mint\">\n<div class=\"layout_element layout_container\">\n<div class=\"layout_element layout_row row flex items-center justify-center\">\n<div class=\"layout_element layout_column col-xs-12 col-sm-12 col-md-12 col-lg-12 w-3\/4 flex items-center justify-center \">\n<div id=\"component_wrapper_1674004\" class=\"layout_element component_wrapper wrapped_content\">\n<div id=\"content_1_04122019\" class=\"component content component_1674004\" data-component-id=\"1674004\" data-component-type-code=\"content\" data-js-parameters=\"{&quot;virtual_path_present&quot;:&quot;false&quot;,&quot;node_url&quot;:&quot;\/nota-prawna&quot;}\">\n<div id=\"component_content_1674004\" class=\"content_area\">\n<h1 class=\"mt-8 mb-8 md:mt-8 mb-16\">Stan zdrowia Polak\u00f3w<\/h1>\n<h4><a href=\"https:\/\/adameddlarodziny.com\/wp-content\/uploads\/2022\/11\/raport-zdrowia-2022.pdf\" target=\"_blank\" rel=\"noopener\"><strong>Raport \u201eStan zdrowia Polak\u00f3w\u201d<\/strong> <\/a>zawiera <strong>wyniki badania ankietowego<\/strong> przeprowadzonego&nbsp;na uczestnikach akcji \u201eAdamed Dla Rodziny\u201d<strong> w 6 miastach:<\/strong> Pabianicach, Ko\u0142obrzegu, Lesznie, Katowicach, E\u0142ku i Nowym S\u0105czu oraz <strong>internetowego badania ankietowego.<\/strong> \u0141\u0105czna pr\u00f3ba badania to <strong>1011 pe\u0142noletnich mieszka\u0144c\u00f3w Polski,<\/strong> w podziale na p\u0142e\u0107, wiek oraz wojew\u00f3dztwo. Badanie zosta\u0142o przeprowadzone we wsp\u00f3\u0142pracy z <strong>Centrum Badawczo-Rozwojowym BioStat<\/strong> za po\u015brednictwem techniki badawczej CAWI z wykorzystaniem panelu badawczego Badanie Opinii.<\/h4>\n<div class=\"mt-12 mb-16\">Podczas kampanii \u201eAdamed Dla Rodziny\u201d pacjenci mieli mo\u017cliwo\u015b\u0107 odbycia konsultacji lekarskiej oraz wykonania nast\u0119puj\u0105cych bada\u0144: echo serca, lipidogram: poziom cholesterolu ca\u0142kowitego, cholesterolu HDL, LDL, tr\u00f3jgliceryd\u00f3w; pomiar glukozy; pomiar ci\u015bnienia t\u0119tniczego i t\u0119tna; spirometrii; bada\u0144 okulistycznych; bada\u0144 diabetologicznych (poziomu hemoglobiny glikowanej HbA1c); bada\u0144 urologicznych po\u0142\u0105czonych z konsultacj\u0105 lekarsk\u0105 oraz bada\u0144 USG. Statystyki zwi\u0105zane z prowadzon\u0105 kampani\u0105 zosta\u0142y przedstawione w raporcie w oparciu o p\u0142e\u0107 pacjent\u00f3w, ich wiek oraz miejscowo\u015b\u0107, w kt\u00f3rej odbyli wizyt\u0119 w ramach kampanii.<\/div>\n<div class=\"mt-4 mb-4 px-12 md:px-48\">\n<p><em>\u201eRaport dotycz\u0105cy stanu zdrowia Polak\u00f3w przygotowany w ramach kampanii Adamed Dla Rodziny to prawdziwa kopalnia wiedzy, je\u015bli my\u015blimy o chorobach przewlek\u0142ych, chorobach populacyjnych&nbsp;w naszym kraju. Warto podkre\u015bli\u0107, \u017ce prezentowane tutaj dane dotycz\u0105 ponad 1000 respondent\u00f3w,&nbsp;ze wszystkich wojew\u00f3dztw. Co istotne &#8211; to oko\u0142o 40% z nich pochodzi ze wsi lub ma\u0142ych miasteczek. Kiedy&nbsp; m\u00f3wimy&nbsp; o&nbsp; profilaktyce,&nbsp; o&nbsp; chorobach&nbsp; przewlek\u0142ych,&nbsp; dost\u0119pno\u015bci&nbsp; do&nbsp; bada\u0144&nbsp; przesiewowych czy do opieki specjalistycznej, to jest w\u0142a\u015bnie ta grupa docelowa, kt\u00f3ra zwykle jest niedoceniana&nbsp;i ma utrudniony dost\u0119p do specjalist\u00f3w.\u201d<\/em><\/p>\n<p style=\"text-align: right;\"><strong>Prof. dr hab. n. med. Maciej Kupczyk<\/strong><br \/>\n<strong>Alergolog\u2002i\u2002pulmonolog<\/strong><br \/>\n<strong>Prezydent\u2002Polskiego\u2002Towarzystwa\u2002Alergologicznego<\/strong><\/p>\n<\/div>\n<div class=\"mt-16 mb-8 px-12 md:px-48\"><em>\u201eStan zdrowia i tryb \u017cycia Polak\u00f3w ukazany w raporcie wskazuje na to, \u017ce wci\u0105\u017c nale\u017cy u\u015bwiadamia\u0107, jak wa\u017cna jest profilaktyka. Wci\u0105\u017c w naszej diecie dominuje mi\u0119so i zbyt du\u017co niezdrowych napoj\u00f3w, nie jeste\u015bmy te\u017c wystarczaj\u0105c aktywni fizycznie. Edukacja pacjent\u00f3w na temat wp\u0142ywu stylu \u017cycia na mo\u017cliwo\u015b\u0107 rozwoju chor\u00f3b cywilizacyjnych to pierwszy krok do tego, by zach\u0119ci\u0107 ich do bada\u0144 profilaktycznych. Jednak dopiero umo\u017cliwienie Polakom bada\u0144 i konsultacji z lekarzem, powszechna dost\u0119pno\u015b\u0107 oferty medycznej to klucz do sukcesu. Inaczej nie polepszymy zdrowia naszej populacji \u2013 nie zmniejszymy tzw. d\u0142ugu zdrowotnego Polski. Kampanie, jak ta firmy Adamed, s\u0105 cenne, bo daj\u0105 du\u017cej grupie spo\u0142ecznej mo\u017cliwo\u015b\u0107 skorzystania z oferty nieosi\u0105galnej na co dzie\u0144 w miejscu ich zamieszkania.\u201d<\/em><\/div>\n<div class=\"mb-8 mt-8 px-12 md:px-48\">\n<p style=\"text-align: right;\"><strong>Prof. dr hab. n. med. Filip Szyma\u0144ski<\/strong><br \/>\n<strong>Prezes Towarzystwa Chor\u00f3b Cywilizacyjnych<\/strong><br \/>\n<strong>Katedra Chor\u00f3b Cywilizacyjnych&nbsp;<\/strong><br \/>\n<strong>Uniwersytet Kardyna\u0142a Stefana Wyszy\u0144skiego w Warszawie<\/strong><\/p>\n<p>&nbsp;<\/p><\/div>\n<h3>&nbsp;<\/h3>\n<h3 style=\"text-align: center;\">Konferencja prasowa &#8211; premiera \u201eRaportu o stanie zdrowia Polak\u00f3w 2022<\/h3>\n<div class=\"container pt-4 md:pt-12 pb-4 md:pb-24 justify-center\">\n<div class=\"w-full md:w-3\/4 m-auto \"><iframe loading=\"lazy\" title=\"YouTube video player\" src=\"https:\/\/www.youtube-nocookie.com\/embed\/m1kEmK35rfM\" width=\"560\" height=\"315\" frameborder=\"0\" allowfullscreen=\"allowfullscreen\"><\/iframe><\/div>\n<\/div>\n<p>&nbsp;<\/p>\n<h3 style=\"text-align: center;\">PE\u0141NY RAPORT DO POBRANIA (PDF):<\/h3>\n<div class=\"block m-auto w-4\/5 md:m-1\/2\">\n<p style=\"text-align: center;\"><a href=\"https:\/\/adameddlarodziny.com\/wp-content\/uploads\/2022\/11\/raport-zdrowia-2022.pdf\" target=\"_blank\" rel=\"noopener\"><img loading=\"lazy\" decoding=\"async\" class=\"display: inline-block aligncenter wp-image-1242 size-medium\" src=\"https:\/\/adameddlarodziny.com\/wp-content\/uploads\/2022\/11\/raport-zdrowia-polakow-2022-do-pobrania-300x212.png\" alt=\"\" width=\"300\" height=\"212\" srcset=\"https:\/\/adameddlarodziny.com\/wp-content\/uploads\/2022\/11\/raport-zdrowia-polakow-2022-do-pobrania-300x212.png 300w, https:\/\/adameddlarodziny.com\/wp-content\/uploads\/2022\/11\/raport-zdrowia-polakow-2022-do-pobrania-768x543.png 768w, https:\/\/adameddlarodziny.com\/wp-content\/uploads\/2022\/11\/raport-zdrowia-polakow-2022-do-pobrania.png 1000w\" sizes=\"auto, (max-width: 300px) 100vw, 300px\" \/><\/a><\/p>\n<\/div>\n<\/div>\n<\/div>\n<\/div>\n<\/div>\n<\/div>\n<\/div>\n<\/div>\n","protected":false},"excerpt":{"rendered":"<p>Stan zdrowia Polak\u00f3w Raport \u201eStan zdrowia Polak\u00f3w\u201d zawiera wyniki badania ankietowego przeprowadzonego&nbsp;na uczestnikach akcji \u201eAdamed Dla Rodziny\u201d w 6 miastach: Pabianicach, Ko\u0142obrzegu, Lesznie, Katowicach, E\u0142ku i Nowym S\u0105czu oraz internetowego badania ankietowego. \u0141\u0105czna pr\u00f3ba badania to 1011 pe\u0142noletnich mieszka\u0144c\u00f3w Polski, w podziale na p\u0142e\u0107, wiek oraz wojew\u00f3dztwo. Badanie zosta\u0142o przeprowadzone we wsp\u00f3\u0142pracy z Centrum Badawczo-Rozwojowym [&hellip;]<\/p>\n","protected":false},"author":4,"featured_media":0,"parent":0,"menu_order":0,"comment_status":"closed","ping_status":"closed","template":"","meta":{"ngg_post_thumbnail":0,"footnotes":""},"class_list":["post-1149","page","type-page","status-publish","hentry"],"acf":[],"_links":{"self":[{"href":"https:\/\/adameddlarodziny.com\/index.php\/wp-json\/wp\/v2\/pages\/1149","targetHints":{"allow":["GET"]}}],"collection":[{"href":"https:\/\/adameddlarodziny.com\/index.php\/wp-json\/wp\/v2\/pages"}],"about":[{"href":"https:\/\/adameddlarodziny.com\/index.php\/wp-json\/wp\/v2\/types\/page"}],"author":[{"embeddable":true,"href":"https:\/\/adameddlarodziny.com\/index.php\/wp-json\/wp\/v2\/users\/4"}],"replies":[{"embeddable":true,"href":"https:\/\/adameddlarodziny.com\/index.php\/wp-json\/wp\/v2\/comments?post=1149"}],"version-history":[{"count":104,"href":"https:\/\/adameddlarodziny.com\/index.php\/wp-json\/wp\/v2\/pages\/1149\/revisions"}],"predecessor-version":[{"id":1283,"href":"https:\/\/adameddlarodziny.com\/index.php\/wp-json\/wp\/v2\/pages\/1149\/revisions\/1283"}],"wp:attachment":[{"href":"https:\/\/adameddlarodziny.com\/index.php\/wp-json\/wp\/v2\/media?parent=1149"}],"curies":[{"name":"wp","href":"https:\/\/api.w.org\/{rel}","templated":true}]}}